{"id":19,"date":"2012-04-09T20:13:50","date_gmt":"2012-04-09T20:13:50","guid":{"rendered":"http:\/\/fh.web109.s217.goserver.host\/?p=19"},"modified":"2024-04-15T13:53:53","modified_gmt":"2024-04-15T13:53:53","slug":"ueber-mich","status":"publish","type":"page","link":"https:\/\/franziska-huber.de\/?page_id=19","title":{"rendered":"\u00dcber mich"},"content":{"rendered":"\n<figure class=\"wp-block-image size-large is-resized is-style-default\"><img loading=\"lazy\" decoding=\"async\" width=\"683\" height=\"1024\" src=\"http:\/\/fh.web109.s217.goserver.host\/wp-content\/uploads\/2012\/04\/ich-bild-683x1024.jpg\" alt=\"ich bild\" class=\"wp-image-16\" style=\"width:300px\" srcset=\"https:\/\/franziska-huber.de\/wp-content\/uploads\/2012\/04\/ich-bild-683x1024.jpg 683w, https:\/\/franziska-huber.de\/wp-content\/uploads\/2012\/04\/ich-bild-200x300.jpg 200w, https:\/\/franziska-huber.de\/wp-content\/uploads\/2012\/04\/ich-bild-768x1152.jpg 768w\" sizes=\"(max-width: 683px) 100vw, 683px\" \/><figcaption class=\"wp-element-caption\">Franziska Huber<\/figcaption><\/figure>\n\n\n<p>Mein beruflicher Lebensweg f\u00fchrte mich nach einer Ausbildung zur Bewegungstherapeutin in die Schulmedizin. Ich erlebte das <strong>Studium<\/strong> als ein Privileg. Wo sonst h\u00e4tte ich soviel \u00fcber den menschlichen K\u00f6rper lernen k\u00f6nnen? Ich war begeistert von den komplexen und spannenden Zusammenh\u00e4ngen. Die M\u00f6glichkeiten der schulmedizinischen Diagnostik sch\u00e4tzte ich sehr und auch in der Therapie erlebte ich beeindruckende Erfolge. Das Studium schloss ich 2007 mit dem Staatsexamen ab.<\/p>\n<p>Zun\u00e4chst bildete ich mich in der <strong>Kinderheilkunde<\/strong> weiter. Ich durfte in der Klinik Kinder mit verschiedenen chronischen Krankheitsbildern begleiten und sah, welche Ver\u00e4nderungen die Erkrankung auch f\u00fcr die ganze Familie mit sich f\u00fchrte.\u00a0 Beeindruckt sah ich welche Lebensfreude, Mut und Kraft in den kleinen HeldInnen steckte.<\/p>\n<p>In der <strong>Kinderarztpraxis<\/strong> erlebte ich eine Menge gesunder Kinder bei den Vorsorgeuntersuchungen, was meinen Wissenstand \u00fcber die normale kindliche Entwicklung sehr bereicherte. Zudem erlebte ich die besorgten Augen von Eltern mit ihrem fiebernden Nachwuchs. Und, ja ich wusste, wie sie sich f\u00fchlten, denn mittlerweile kannte ich das Gef\u00fchl selbst, als Mutter von drei kleinen Kindern&#8230;<\/p>\n<p>In dieser Zeit machte ich auch sorgf\u00e4ltig meine <strong>hom\u00f6opathische Ausbildung<\/strong> beim Deutschen Zentralverein f\u00fcr hom\u00f6opatische \u00c4rzte. Im Verlauf konnte ich sowohl an meinen Kindern, als auch in der Praxis schnelle und sanften Heilungserfolge feststellen. So wurde die hom\u00f6opatische Behandlung fester Bestandteil meiner Therapieoptionen.<\/p>\n<p>Eigentlich wollte ich &#8222;nur&#8220; mein Fremdjahr in Bereich der <strong>Kinder- und Jugendpsychiatrie<\/strong> absolvieren. Doch blieb ich dort l\u00e4nger, weil mir der Umgang mit verhaltensauff\u00e4lligen Kindern und die Stabilisierung dieser Kinder besonders ans Herz wuchs. Ich erkannte, dass es f\u00fcr eine gesunde Kindheit sehr wichtig ist, dass auch der begleitende Erwachsen stabil und gesund ist.<\/p>\n<p>So bildete ich mich in einer speziellen <strong>Traumatherapie f\u00fcr Erwachsen<\/strong> (NARM) fort. Mit dem Wunsch, Erwachsene zu bef\u00e4higen, mit ihren &#8222;inneren Kindern&#8220;, ihren Verletzungen und &#8220; Fehlprogrammierungen&#8220; so gut &#8222;im reinen zu sein&#8220;, dass sie mit ihren eigenen Kindern viel besser zurecht kommen k\u00f6nnen. In der Arbeit mit den Erwachsenen sah ich, welchen gro\u00dfen N\u00f6ten, Verunsicherungen und \u00c4ngsten meine PatientInnen in ihrer Kindheit ausgesetzt waren und welche ung\u00fcnstigen Entwicklungen dadurch entstehen k\u00f6nnen. Doch sah ich auch welche Nachreifungen in Bezug auf die eigene Resilienz m\u00f6glich sind.<\/p>\n<p>So beschlo\u00df ich, mich in der Kindertherapie weiter zu bilden. Ich entschied mich, mein Wissen im Bereich <strong>Traumatherapie im Kindesalter<\/strong> zu erweitern , da ich dort die meisten &#8222;k\u00f6rperlichen Aspekte der psychischen St\u00f6rungen&#8220; vermutete&#8230;. Und war begeistert! Sowohl bei Frau Maggie Kline als auch bei Herrn Dr. Kr\u00fcger bekam ich wertvolle Lehrinhalte \u00fcber die Entstehung von seelischen Krankheiten als auch deren Behandlungen. Besonders gefiel mir die spielerische und kreative Umsetzung der Therapie. Anschlie\u00dfend lernte ich bei Sarito Fuhrmann-Bailes und Katrin Boger die intensive Heilkraft von fr\u00fcher Traumatherapie im S\u00e4uglingsalter kennen.<\/p>\n<p>2016 gr\u00fcndete ich meine <strong>eigene Praxis in Gauting <\/strong>und behandle seitdem individuell unter Einbeziehung der allgemeinen Schulmedizin, der psychosomatischen Medizin, der Traumatherapie und der Hom\u00f6opathie.<\/p>\n<p>Das ist f\u00fcr mich die gelungene Kombination!<\/p>\n\n\n\n<p>Vita:<\/p>\n\n\n<p>Geboren 1977, verheiratet, drei T\u00f6chter<br>Abitur 1997 in Starnberg<br>staatl. Diplomierte Bewegungstherapeutin Psychiatrie Psychosomatik Sucht ( Berufskolleg Waldenburg)<br>Medizinstudium in Halle und LMU M\u00fcnchen<br>(parallel bewegungstherapeutische T\u00e4tigkeit in psychiatrischer Uniklinik Halle)<br>Im Studium Beginn der hom\u00f6opathischen Ausbildung an der Uni<br>Approbation 2007<br>Kinderklinik Hochried Murnau <\/p>\n\n\n\n<p>Kinderarztpraxis Dr. Biebach M\u00fcnchen <\/p>\n\n\n\n<p>Kinder- und Jugendpsychiatrie Klinik Hochried Murnau<\/p>\n\n\n\n<p>Kinderpsychosomatik Klinikum Rechts der Isar<\/p>\n\n\n\n<p>Zusatzbezeichnung Hom\u00f6opathie Landes\u00e4rztekammer Bayern<br><a href=\"https:\/\/www.weiterbildung-homoeopathie.de\/ausbildung-zum-homoeopathie-diplom-des-dzvhae\/\">Hom\u00f6opathie Diplom DZVh\u00c4 &nbsp; <\/a>&nbsp; &nbsp; &nbsp; &nbsp; &nbsp; &nbsp; &nbsp; &nbsp; &nbsp; &nbsp; &nbsp; &nbsp; &nbsp; &nbsp; &nbsp; &nbsp; &nbsp; &nbsp; &nbsp; &nbsp; &nbsp; <br><a rel=\"noreferrer noopener\" href=\"https:\/\/www.homoeopathie-bayern.de\/\" target=\"_blank\">Mitglied im DZVh\u00c4<\/a><br>Achtsame Kommunikation bei Frau Dr. Barbara Tilmann<br>In Ausbildung Quellenhom\u00f6opathie bei Frau Dr. Schlingensiepen-Brysch<br>st\u00e4ndige Weiterbildung in der Kunst der Hom\u00f6opathie, Supervision bei Frau Dr. Seul<\/p>\n\n\n\n<p>Entwicklungstraumatherapie Ausbildung f\u00fcr Erwachsene <a rel=\"noreferrer noopener\" href=\"https:\/\/drlaurenceheller.com\/product\/entwicklungstrauma-heilen-alte-uberlebensstrategien-losen-selbstregulierung-und-beziehungsfahigkeit-starken-das-neuroaffektive-beziehungsmodell-zur-traumaheilung-narm\/\" target=\"_blank\">NARM (Neuroaffektives Beziehungsmodell ) bei Laurence Heller<\/a><\/p>\n\n\n\n<p>Einf\u00fchrung Somatic experiencing bei Doris Rothbauer <a href=\"https:\/\/www.somatic-experiencing.de\/traumatherapeut\/Rothbauer\/profile\/\" target=\"_blank\" rel=\"noreferrer noopener\">https:\/\/www.somatic-experiencing.de\/traumatherapeut\/Rothbauer\/profile\/<\/a><\/p>\n\n\n\n<p>Feeling seen, Mentalisierungsbasierte Eltern Kind Arbeit Einf\u00fchrung bei Michael Bachg<\/p>\n\n\n\n<p>&#8222;Kinder mit seelischen Verletzungen behandeln&#8220; bei <a href=\"https:\/\/www.maggiekline.com\/\">https:\/\/www.maggiekline.com\/<\/a>  Maggie Kline<\/p>\n\n\n\n<p>Psychodynamische Imaginative <a href=\"http:\/\/www.ipkj.de\">Traumatherapie f\u00fcr Kinder und Jugendliche<\/a> bei Dr. Andreas Kr\u00fcger vom Ankerland Traumazentrum Hamburg<\/p>\n\n\n\n<p>Das Traumatisierte Kind und seine Familie Dr Andreas Kr\u00fcger<\/p>\n\n\n\n<p>&#8222;Traumal\u00f6sung bei S\u00e4uglingen&#8220; bei Sarito Fuhrmann-Bailes <a rel=\"noreferrer noopener\" href=\"https:\/\/saritofuhrmann.de\/\" target=\"_blank\">https:\/\/saritofuhrmann.de\/<\/a><\/p>\n\n\n\n<p>Ganzheitliche EMDR-Ausbildung beim Forum Gilching <a rel=\"noreferrer noopener\" href=\"https:\/\/www.forum-gilching.de\/ausbildung\/emdr-traumatherapie.html\" target=\"_blank\">https:\/\/www.forum-gilching.de\/ausbildung\/emdr-traumatherapie.html<\/a><\/p>\n\n\n\n<p>I.B.T. Integrative Bindungsorientierte Traumatherapie bei S\u00e4uglingen und Kleinkindern bei <a href=\"https:\/\/www.wzpp.de\/index.php\/seminarangebote\/i-b-t-traumatherapie-bei-babys-und-kleinkinder\" data-type=\"URL\" data-id=\"https:\/\/www.wzpp.de\/index.php\/seminarangebote\/i-b-t-traumatherapie-bei-babys-und-kleinkinder\">Katrin Boger <\/a><\/p>\n\n\n<div class=\"wp-block-image\">\n<figure class=\"alignleft\"><img loading=\"lazy\" decoding=\"async\" width=\"1280\" height=\"853\" src=\"http:\/\/fh.web109.s217.goserver.host\/wp-content\/uploads\/2012\/04\/carla-und-ich.jpg\" alt=\"carla und ich\" class=\"wp-image-17\" srcset=\"https:\/\/franziska-huber.de\/wp-content\/uploads\/2012\/04\/carla-und-ich.jpg 1280w, https:\/\/franziska-huber.de\/wp-content\/uploads\/2012\/04\/carla-und-ich-300x200.jpg 300w, https:\/\/franziska-huber.de\/wp-content\/uploads\/2012\/04\/carla-und-ich-768x512.jpg 768w, https:\/\/franziska-huber.de\/wp-content\/uploads\/2012\/04\/carla-und-ich-1024x682.jpg 1024w\" sizes=\"(max-width: 1280px) 100vw, 1280px\" \/><\/figure><\/div>\n\n\n<p><\/p>\n\n\n\n<p><\/p>\n\n\n\n<figure class=\"wp-block-image\"><img loading=\"lazy\" decoding=\"async\" width=\"140\" height=\"160\" src=\"http:\/\/fh.web109.s217.goserver.host\/wp-content\/uploads\/2012\/04\/th.jpeg\" alt=\"th\" class=\"wp-image-18\"\/><\/figure>\n","protected":false},"excerpt":{"rendered":"<p>Mein beruflicher Lebensweg f\u00fchrte mich nach einer Ausbildung zur Bewegungstherapeutin in die Schulmedizin. Ich erlebte das Studium als ein Privileg. Wo sonst h\u00e4tte ich soviel&#8230;<\/p>\n<div class=\"more-link-wrapper\"><a class=\"more-link\" href=\"https:\/\/franziska-huber.de\/?page_id=19\">Weiterlesen<span class=\"screen-reader-text\">\u00dcber mich<\/span><\/a><\/div>\n","protected":false},"author":1,"featured_media":0,"parent":0,"menu_order":5,"comment_status":"closed","ping_status":"open","template":"","meta":{"footnotes":""},"class_list":["post-19","page","type-page","status-publish","hentry","entry"],"_links":{"self":[{"href":"https:\/\/franziska-huber.de\/index.php?rest_route=\/wp\/v2\/pages\/19"}],"collection":[{"href":"https:\/\/franziska-huber.de\/index.php?rest_route=\/wp\/v2\/pages"}],"about":[{"href":"https:\/\/franziska-huber.de\/index.php?rest_route=\/wp\/v2\/types\/page"}],"author":[{"embeddable":true,"href":"https:\/\/franziska-huber.de\/index.php?rest_route=\/wp\/v2\/users\/1"}],"replies":[{"embeddable":true,"href":"https:\/\/franziska-huber.de\/index.php?rest_route=%2Fwp%2Fv2%2Fcomments&post=19"}],"version-history":[{"count":17,"href":"https:\/\/franziska-huber.de\/index.php?rest_route=\/wp\/v2\/pages\/19\/revisions"}],"predecessor-version":[{"id":595,"href":"https:\/\/franziska-huber.de\/index.php?rest_route=\/wp\/v2\/pages\/19\/revisions\/595"}],"wp:attachment":[{"href":"https:\/\/franziska-huber.de\/index.php?rest_route=%2Fwp%2Fv2%2Fmedia&parent=19"}],"curies":[{"name":"wp","href":"https:\/\/api.w.org\/{rel}","templated":true}]}}