{"id":41,"date":"2017-01-20T10:20:13","date_gmt":"2017-01-20T10:20:13","guid":{"rendered":"http:\/\/fh.web109.s217.goserver.host\/?p=41"},"modified":"2026-04-13T14:08:55","modified_gmt":"2026-04-13T14:08:55","slug":"bei-folgenden-themen-hilft-narm","status":"publish","type":"page","link":"https:\/\/franziska-huber.de\/?page_id=41","title":{"rendered":"Das Neuroaffektive Relationale Modell ( NARM)"},"content":{"rendered":"\n<p>Der von <a href=\"http:\/\/drlaurenceheller.com\">Dr.Laurence Heller <\/a> entwickelte Traumatherapieansatz f\u00fcr :<\/p>\n\n\n\n<p class=\"has-text-align-center\"><strong>mehr Lebensfreude ,Selbstwirksamkeit und In-KONTAKT-sein!<\/strong><\/p>\n\n\n\n<p>Zu einer Therapie mit dem NARM-Ansatz k\u00f6nnen Sie sich z.B. bei folgenden Themen vorstellen:<\/p>\n\n\n\n<ul class=\"wp-block-list\">\n<li>Partnerschaftsprobleme<\/li>\n\n\n\n<li>Schwierigkeiten im Umgang mit dem Verhalten der eigenen Kinder<\/li>\n\n\n\n<li>Chronische Selbstverurteilung Stimmungsschwankungen, \u00c4ngste<\/li>\n\n\n\n<li>Pr\u00fcfungsangst,\u00a0Angst vor Kontrollverlust<\/li>\n\n\n\n<li>Depressive Verstimmung<\/li>\n\n\n\n<li>Schwierigkeiten die eigenen Bed\u00fcrfnisse auszudr\u00fccken<\/li>\n\n\n\n<li>&#8230;.<\/li>\n<\/ul>\n\n\n<div class=\"wp-block-image is-style-default\">\n<figure class=\"aligncenter size-large is-resized\"><img loading=\"lazy\" decoding=\"async\" width=\"1024\" height=\"703\" src=\"https:\/\/migration.franziska-huber.de\/wp-content\/uploads\/2021\/01\/Happy_03-1024x703.jpg\" alt=\"\" class=\"wp-image-339\" style=\"width:405px;height:278px\" srcset=\"https:\/\/franziska-huber.de\/wp-content\/uploads\/2021\/01\/Happy_03-1024x703.jpg 1024w, https:\/\/franziska-huber.de\/wp-content\/uploads\/2021\/01\/Happy_03-300x206.jpg 300w, https:\/\/franziska-huber.de\/wp-content\/uploads\/2021\/01\/Happy_03-768x527.jpg 768w, https:\/\/franziska-huber.de\/wp-content\/uploads\/2021\/01\/Happy_03-1536x1054.jpg 1536w, https:\/\/franziska-huber.de\/wp-content\/uploads\/2021\/01\/Happy_03-2048x1405.jpg 2048w\" sizes=\"(max-width: 1024px) 100vw, 1024px\" \/><\/figure><\/div>\n\n\n<p>In einem pers\u00f6nlichen Vorgespr\u00e4ch\u00a0k\u00f6nnen Sie erfahren, ob NARM auch f\u00fcr Sie eine gute Behandlungsoption ist.<\/p>\n\n\n\n<h2 class=\"wp-block-heading\">Was ist NARM?<\/h2>\n\n\n\n<p><strong>NARM<\/strong> (Neuroaffektive Relations Model) ist ein k\u00f6rperorientiertes Psychotherapeutisches Verfahren von Dr. Laurence Heller<\/p>\n\n\n\n<ul class=\"wp-block-list\">\n<li>NARM arbeitet <strong>ressourcenorientiert<\/strong> und nicht regressiv<\/li>\n\n\n\n<li>Es wird in einigen Einzelsitzungen durchgef\u00fchrt<\/li>\n\n\n\n<li> Im Vordergrund steht die <strong>Neubewertung<\/strong> des individuell \u201everzerrten\u201c Erlebens und die <strong>Wiederverbindung<\/strong> mit den urspr\u00fcnglichen Bed\u00fcrfnissen und Pers\u00f6nlichkeitsaspekten<\/li>\n\n\n\n<li> NARM stellt <strong>In-Kontakt-sein<\/strong> und <strong>Lebendigkeit<\/strong> in den Vordergrund der therapeutischen Arbeit und nicht Schmerz und defizit\u00e4res Erleben<\/li>\n\n\n\n<li>Es werden werden gezielt neue emotionale\u00a0Muster gebahnt<\/li>\n\n\n\n<li>Es entwickelt sich die F\u00e4higkeit einer gr\u00f6\u00dferen <strong>emotionalen Kompetenz<\/strong> und <strong>Selbstregulationsf\u00e4higkeit<\/strong>. &#8211; Selbstregulation und Selbstwirksamkeit werden auf <strong>neuro-humeroaler Ebene\u00a0verankert<\/strong>. \u00a0 &#8211; NARM integriert sowohl die <strong>Dysregulation im Nervensystem<\/strong> als auch <strong>Verhaltensmuster<\/strong> auf der Beziehungsebene!\u00a0  <\/li>\n<\/ul>\n\n\n<div class=\"wp-block-image is-style-default\">\n<figure class=\"alignright size-large is-resized\"><img loading=\"lazy\" decoding=\"async\" width=\"771\" height=\"1024\" src=\"https:\/\/migration.franziska-huber.de\/wp-content\/uploads\/2021\/01\/GerdMoritz-771x1024.jpg\" alt=\"\" class=\"wp-image-341\" style=\"width:347px;height:460px\" srcset=\"https:\/\/franziska-huber.de\/wp-content\/uploads\/2021\/01\/GerdMoritz-771x1024.jpg 771w, https:\/\/franziska-huber.de\/wp-content\/uploads\/2021\/01\/GerdMoritz-226x300.jpg 226w, https:\/\/franziska-huber.de\/wp-content\/uploads\/2021\/01\/GerdMoritz-768x1020.jpg 768w, https:\/\/franziska-huber.de\/wp-content\/uploads\/2021\/01\/GerdMoritz-1157x1536.jpg 1157w, https:\/\/franziska-huber.de\/wp-content\/uploads\/2021\/01\/GerdMoritz-1542x2048.jpg 1542w, https:\/\/franziska-huber.de\/wp-content\/uploads\/2021\/01\/GerdMoritz-scaled.jpg 1928w\" sizes=\"(max-width: 771px) 100vw, 771px\" \/><\/figure><\/div>\n\n\n<h2 class=\"wp-block-heading\">Wie Entwicklungstraumata entstehen<\/h2>\n\n\n\n<p>Ein Kind w\u00e4chst \u201ewohlgen\u00e4hrt\u201c heran, wenn seine Kernbed\u00fcrfnisse wahrgenommen und passend&nbsp;beantwortet werden.<\/p>\n\n\n\n<p>Ist dies nicht der Fall, so hilft sich das Kind durch die Ausbildung <strong>individueller \u00dcberlebensstrategien.&nbsp;<\/strong>D.h. es passt sich der Situation an, um den <strong>Fortbestand der Bindungsbeziehung<\/strong> zu garantieren und wirkt somit selbst der gest\u00f6rten Regulation, der Desorientierung und der m\u00f6glicherweise erlebten Isolation entgegen.&nbsp;Diese, <strong>in der Kindheit hilfreiche Anpassungsleistung<\/strong>, formt das weitere Identit\u00e4tserleben (wie eine Brille). Auch unser Nervensystem und unsere hormonellen Reaktionsmuster passen sich entsprechend an.<\/p>\n\n\n\n<p>Durch die &#8222;Brille&#8220; bewertet der Erwachsene alle Beziehungserfahrungen oder andere Situationen.&nbsp;Er hat gelernt Situationen entsprechend der bisherigen Erfahrungen zu analysieren und zu reagieren.<br>Bei ung\u00fcnstiger Entwicklung f\u00fchrt diese \u201eBrille\u201c dazu, die eigentlichen Bed\u00fcrfnisse und Beziehungsw\u00fcnsche nicht zu erkennen oder zu verdr\u00e4ngen. Sozusagen in der kindlichen Abh\u00e4ngigkeit zu verbleiben.&nbsp;Die F\u00e4higkeit zur Selbstregulation, Selbstwirksamkeit und In-Kontakt-sein wird dadurch eingeschr\u00e4nkt.<\/p>\n\n\n\n<p><strong>NARM<\/strong> hilft Ihnen Ihre Strategien bewusst zu machen und zeigt neue Wege zur Selbstregulation und zur gesunden Kontakt-Bildung auf.&nbsp;<\/p>\n","protected":false},"excerpt":{"rendered":"<p>Der von Dr.Laurence Heller entwickelte Traumatherapieansatz f\u00fcr : mehr Lebensfreude ,Selbstwirksamkeit und In-KONTAKT-sein! Zu einer Therapie mit dem NARM-Ansatz k\u00f6nnen Sie sich z.B. bei folgenden&#8230;<\/p>\n<div class=\"more-link-wrapper\"><a class=\"more-link\" href=\"https:\/\/franziska-huber.de\/?page_id=41\">Weiterlesen<span class=\"screen-reader-text\">Das Neuroaffektive Relationale Modell ( NARM)<\/span><\/a><\/div>\n","protected":false},"author":1,"featured_media":0,"parent":0,"menu_order":0,"comment_status":"closed","ping_status":"open","template":"","meta":{"footnotes":""},"class_list":["post-41","page","type-page","status-publish","hentry","entry"],"_links":{"self":[{"href":"https:\/\/franziska-huber.de\/index.php?rest_route=\/wp\/v2\/pages\/41"}],"collection":[{"href":"https:\/\/franziska-huber.de\/index.php?rest_route=\/wp\/v2\/pages"}],"about":[{"href":"https:\/\/franziska-huber.de\/index.php?rest_route=\/wp\/v2\/types\/page"}],"author":[{"embeddable":true,"href":"https:\/\/franziska-huber.de\/index.php?rest_route=\/wp\/v2\/users\/1"}],"replies":[{"embeddable":true,"href":"https:\/\/franziska-huber.de\/index.php?rest_route=%2Fwp%2Fv2%2Fcomments&post=41"}],"version-history":[{"count":10,"href":"https:\/\/franziska-huber.de\/index.php?rest_route=\/wp\/v2\/pages\/41\/revisions"}],"predecessor-version":[{"id":604,"href":"https:\/\/franziska-huber.de\/index.php?rest_route=\/wp\/v2\/pages\/41\/revisions\/604"}],"wp:attachment":[{"href":"https:\/\/franziska-huber.de\/index.php?rest_route=%2Fwp%2Fv2%2Fmedia&parent=41"}],"curies":[{"name":"wp","href":"https:\/\/api.w.org\/{rel}","templated":true}]}}