{"id":457,"date":"2021-03-22T09:49:10","date_gmt":"2021-03-22T09:49:10","guid":{"rendered":"https:\/\/migration.franziska-huber.de\/?page_id=457"},"modified":"2024-01-04T11:31:03","modified_gmt":"2024-01-04T11:31:03","slug":"frauen","status":"publish","type":"page","link":"https:\/\/franziska-huber.de\/?page_id=457","title":{"rendered":"Frauen"},"content":{"rendered":"\n<p>In meiner Praxis nimmt die Begleitung von Frauen und M\u00fcttern einen gro\u00dfen Stellenwert ein. Ich arbeite sehr gerne mit Frauen zusammen. Frauen erlebe ich in ihrer Gesundheitspflege oft sehr selbstverantwortlich und klug !! \ud83d\ude42<\/p>\n\n\n\n<p><strong>Frauenk\u00f6rper<\/strong>&#8230;<\/p>\n\n\n\n<p>&#8230;leisten, geb\u00e4ren, ern\u00e4hren, tragen, schieben, organisieren, halten und erleben jede Menge.<\/p>\n\n\n\n<p>Umso besser, wenn Du Dich sehr gut um Dich und Deinen K\u00f6rper k\u00fcmmerst. Ich berate Dich gerne bei Fragen rund um das Thema Frauengesundheit, Ern\u00e4hrung, Stoffwechsel, Hormone, ect.<\/p>\n\n\n\n<p><strong>Bei Beschwerden&#8230; <\/strong><\/p>\n\n\n\n<p>&#8230;f\u00fchren wir ein ausf\u00fchrliches Gespr\u00e4ch in dem Deine pers\u00f6nlichen Gewohnheiten, Lebensumst\u00e4nde und vor allem die Umsetzbarkeit der Therapie im Familienalltag eine gro\u00dfe Rolle spielen. Aus folgenden Bausteinen kann sich dann <strong>Deine Therapie<\/strong> zusammensetzen:<\/p>\n\n\n\n<ul class=\"wp-block-list\"><li>Hom\u00f6opathisches Arzneimittel, was Dir hilft wieder ins Gleichgewicht zu kommen<\/li><li>Deine Ern\u00e4hrung optimieren<\/li><li>Darmsanierung<\/li><li>Passende Nahrungserg\u00e4nzung<\/li><li>F\u00fcr Dich stimmige K\u00f6rper-\u00dcbungen f\u00fcr Dein seelisches Gleichgewicht erlernen<\/li><\/ul>\n\n\n\n<p>So kommst Du schneller wieder in Deine Kraft und kannst die Herausforderungen des Lebens spielerisch und entspannt meistern.<\/p>\n\n\n\n<p>Hier jetzt noch ein Thema, das mir sehr am Herzen liegt und das leider immer noch zu wenig Beachtung bekommt:<\/p>\n\n\n\n<p><strong>Die traumatisierende Geburt<\/strong><\/p>\n\n\n\n<div class=\"wp-block-image is-style-default\"><figure class=\"alignright size-large is-resized\"><img loading=\"lazy\" decoding=\"async\" src=\"https:\/\/migration.franziska-huber.de\/wp-content\/uploads\/2021\/01\/Pulsatilla-1-558x1024.jpg\" alt=\"\" class=\"wp-image-323\" width=\"275\" height=\"504\" srcset=\"https:\/\/franziska-huber.de\/wp-content\/uploads\/2021\/01\/Pulsatilla-1-558x1024.jpg 558w, https:\/\/franziska-huber.de\/wp-content\/uploads\/2021\/01\/Pulsatilla-1-164x300.jpg 164w, https:\/\/franziska-huber.de\/wp-content\/uploads\/2021\/01\/Pulsatilla-1-768x1409.jpg 768w, https:\/\/franziska-huber.de\/wp-content\/uploads\/2021\/01\/Pulsatilla-1-837x1536.jpg 837w, https:\/\/franziska-huber.de\/wp-content\/uploads\/2021\/01\/Pulsatilla-1-1116x2048.jpg 1116w, https:\/\/franziska-huber.de\/wp-content\/uploads\/2021\/01\/Pulsatilla-1-scaled.jpg 1395w\" sizes=\"(max-width: 275px) 100vw, 275px\" \/><figcaption>Arnica, heilt wohl so manche Verletzung<\/figcaption><\/figure><\/div>\n\n\n\n<p>Ja, es gibt sie!  Obwohl Du froh bist, Dein Kind in den Armen halten zu k\u00f6nnen. Alles hat am Ende gut geklappt! Herzlichen Gl\u00fcckwunsch! Du bist auf jeden Fall eine Heldin!!<\/p>\n\n\n\n<p>Aber&#8230;..nimm Dich und Deine Gef\u00fchle ernst ! W\u00e4hrend einer Geburt kann es manchmal n\u00f6tig sein, dass alles ganz schnell geht. Pl\u00f6tzlich l\u00e4uft alles ganz anders als geplant.&nbsp; Dein K\u00f6rper und Deine Seele k\u00f6nnen in manchen F\u00e4llen gar nicht so schnell mitkommen.<\/p>\n\n\n\n<p>In Folge heilen Deine k\u00f6rperlichen und seelischen Verletzungen vielleicht nicht richtig. Du f\u00fchlst Dich aus der Mitte geworfen, unsicher, schl\u00e4fst vielleicht schlecht ..(ok, mit Baby kein Einzelfall \ud83d\ude09 ), Du bist schneller gereizt, f\u00fchlst Dich irgendwie angeschlagen, traurig, depressiv?  Vielleicht kommst Du auch nicht so intensiv mit Deinem Baby in Kontakt? Und was ist mit Deinem Partner, seidIihr noch so richtig verbunden? Lies dazu auch gerne: <a href=\"https:\/\/migration.franziska-huber.de\/?page_id=308\">was ist eine traumatisierende Erfahrung<\/a>?<\/p>\n\n\n\n<p>Glaube mir, es gibt definitiv keinen Grund, an Dir zu zweifeln &#8211; weder an Deiner F\u00e4higkeit als geb\u00e4rende Frau, noch als Mutter oder Partnerin. Dein K\u00f6rper und Deine Seele reagieren normal auf eine extreme Erfahrung. M\u00f6glicherweise werden alte Erfahrungen von Ohnmacht und Hilflosigkeit getriggert. M\u00f6glicherweise ist es aber auch deine erste schmerzhafte Erfahrung dieser Art. <\/p>\n\n\n\n<p>Hol Dir gerne Hilfe! <\/p>\n\n\n\n<p>Ich begleite Dich auf Deinem Weg.<\/p>\n\n\n\n<p><strong>Wie kann eine Traumatherapie aussehen?<\/strong><\/p>\n\n\n\n<p>Da ich mit jeder Frau ein individuelles Konzept erarbeite, gibt es keinen \u201estrengen Ablauf\u201c, sondern ein f\u00fcr Dich individuell ma\u00dfgeschneidertes Vorgehen. Grundprinzip ist immer<\/p>\n\n\n\n<p><strong>\u2013 Therapie auf Augenh\u00f6he \u2013 was braucht es jetzt gerade f\u00fcr Dich ? \u2013<\/strong><\/p>\n\n\n\n<p>Trotzdem m\u00f6chte ich Dir einen Eindruck von meiner Arbeitsweise vermitteln. Also gibt es hier ein paar \u201eEckdaten\u201c:<\/p>\n\n\n\n<p>Inhalte jeder Traumatherapie sind <strong> Psychoedukation<\/strong> (wie ist unser K\u00f6rper, speziell das Gehirn, aufgebaut ? Was passiert, wenn wir einen gro\u00dfen Schreck erleben ? Warum ist das eigentlich alles \u201evoll normal\u201c und nicht \u201epsycho\u201c ? Warum bleiben manche Symptome bestehen, warum schaltet der K\u00f6rper nicht von alleine zur\u00fcck in den \u201eNormalmodus? Warum h\u00e4ngt  der &#8222;Schalter auf Notfallprogramm&#8220; und vor allem: Was kannst du tun, damit es dir wieder gut geht?<\/p>\n\n\n\n<p><strong>Stabilisierung:<\/strong> Du lernst viele ressourcenorientierte \u00dcbungen kennen und erlebst das Wiedererlangen von seelischer Gesundheit und neurobiologischer Stabilisierung (Symptomreduktion). <\/p>\n\n\n\n<p>Zum Beispiel werden auf kreative Art und Weise sichere Orte gefunden oder Helferwesen zu Rate gezogen. Der K\u00f6rper, die Seele und ihre Ausdrucksweise werden kennengelernt und verstanden. Mit didaktisch durchdachten Methoden gewinnst Du  wieder das Gef\u00fchl von <strong>Kontrolle, Sicherheit, Orientierung und Selbstwirksamkeit.<\/strong><\/p>\n\n\n\n<p>Eine <strong>Traumakonfrontation<\/strong> wird nach entsprechender Stabilisierung und in einer stabilen Sicherheitssituation durchgef\u00fchrt. Wichtig ist, dass du in Dein Gehirn sozusagen einen &#8222;<strong>neuen positiven Erfahrungsfilm<\/strong>&#8220; einlegst! Erfahrenes kann betrauert und integriert werden. So kommst Du zur\u00fcck in deine weibliche St\u00e4rke !! Falls Du auch Unters\u00fctzung f\u00fcr Dein Baby brauchst-<a href=\"https:\/\/migration.franziska-huber.de\/?page_id=557\" data-type=\"page\" data-id=\"557\">lies mal hier<\/a> \ud83d\ude42<\/p>\n","protected":false},"excerpt":{"rendered":"<p>In meiner Praxis nimmt die Begleitung von Frauen und M\u00fcttern einen gro\u00dfen Stellenwert ein. Ich arbeite sehr gerne mit Frauen zusammen. Frauen erlebe ich in&#8230;<\/p>\n<div class=\"more-link-wrapper\"><a class=\"more-link\" href=\"https:\/\/franziska-huber.de\/?page_id=457\">Weiterlesen<span class=\"screen-reader-text\">Frauen<\/span><\/a><\/div>\n","protected":false},"author":1,"featured_media":0,"parent":0,"menu_order":0,"comment_status":"closed","ping_status":"closed","template":"","meta":{"footnotes":""},"class_list":["post-457","page","type-page","status-publish","hentry","entry"],"_links":{"self":[{"href":"https:\/\/franziska-huber.de\/index.php?rest_route=\/wp\/v2\/pages\/457"}],"collection":[{"href":"https:\/\/franziska-huber.de\/index.php?rest_route=\/wp\/v2\/pages"}],"about":[{"href":"https:\/\/franziska-huber.de\/index.php?rest_route=\/wp\/v2\/types\/page"}],"author":[{"embeddable":true,"href":"https:\/\/franziska-huber.de\/index.php?rest_route=\/wp\/v2\/users\/1"}],"replies":[{"embeddable":true,"href":"https:\/\/franziska-huber.de\/index.php?rest_route=%2Fwp%2Fv2%2Fcomments&post=457"}],"version-history":[{"count":6,"href":"https:\/\/franziska-huber.de\/index.php?rest_route=\/wp\/v2\/pages\/457\/revisions"}],"predecessor-version":[{"id":576,"href":"https:\/\/franziska-huber.de\/index.php?rest_route=\/wp\/v2\/pages\/457\/revisions\/576"}],"wp:attachment":[{"href":"https:\/\/franziska-huber.de\/index.php?rest_route=%2Fwp%2Fv2%2Fmedia&parent=457"}],"curies":[{"name":"wp","href":"https:\/\/api.w.org\/{rel}","templated":true}]}}