{"id":59,"date":"2017-11-30T21:16:40","date_gmt":"2017-11-30T21:16:40","guid":{"rendered":"http:\/\/fh.web109.s217.goserver.host\/?p=59"},"modified":"2024-01-04T11:31:03","modified_gmt":"2024-01-04T11:31:03","slug":"zur-theorie","status":"publish","type":"page","link":"https:\/\/franziska-huber.de\/?page_id=59","title":{"rendered":"Hom\u00f6opathie"},"content":{"rendered":"\n<div class=\"wp-block-group\"><div class=\"wp-block-group__inner-container is-layout-flow wp-block-group-is-layout-flow\">\n<div class=\"wp-block-image is-style-default\"><figure class=\"aligncenter size-large is-resized\"><img decoding=\"async\" src=\"http:\/\/fh.web109.s217.goserver.host\/wp-content\/uploads\/2013\/06\/Pflanze2-1024x797.jpg\" alt=\"Pflanze2\" class=\"wp-image-32\" width=\"200\" srcset=\"https:\/\/franziska-huber.de\/wp-content\/uploads\/2013\/06\/Pflanze2-1024x797.jpg 1024w, https:\/\/franziska-huber.de\/wp-content\/uploads\/2013\/06\/Pflanze2-300x233.jpg 300w, https:\/\/franziska-huber.de\/wp-content\/uploads\/2013\/06\/Pflanze2-768x598.jpg 768w\" sizes=\"(max-width: 1024px) 100vw, 1024px\" \/><\/figure><\/div>\n\n\n\n<p>Die Lehre der Hom\u00f6opathie geht auf den deutschen Arzt Samuel Hahnemann zur\u00fcck (1755-1843).<\/p>\n\n\n\n<p>Erkrankt ein Mensch, so handelt es sich nach Hahnemann immer um eine Verstimmung (Dysbalance) der Lebenskraft, die den Patienten als Ganzes in allen seinen k\u00f6rperlichen, geistigen und seelischen Aspekten betrifft. Diese St\u00f6rung der inneren Ordnung ist sozusagen ein N\u00e4hrboden f\u00fcr Bakterien und Viren oder sonstige krankmachende Faktoren. Die hom\u00f6opathische Therapie erfolgt durch die St\u00e4rkung der Lebenskraft mit einer passenden Arznei.<\/p>\n<\/div><\/div>\n\n\n\n<div class=\"wp-block-group\"><div class=\"wp-block-group__inner-container is-layout-flow wp-block-group-is-layout-flow\">\n<h2 class=\"wp-block-heading\">Zur Theorie<\/h2>\n\n\n\n<p>Hahnemann stellte fest, dass eine Krankheit durch eine \u201eArzneikrankheit\u201c- ausl\u00f6sende Substanz behandelt werden kann. Ein Gift kann zum Beispiel beim Gesunden Symptome ausl\u00f6sen, die es beim Kranken in potenzierter Form heilen kann.<\/p>\n\n\n\n<p>Hier ein Beispiel zur Veranschaulichung:<\/p>\n\n\n\n<p>Stellen Sie sich zwei gleiche Karten eines Memoryspiels vor: Eine Karte zeigt einen Mann mit hohem Fieber, bl\u00e4ulich-rotem Gesicht, gro\u00dfen Pupillen und pulsierenden Kopfschmerzen. Er hat einen grippalen Infekt. Die zweite Karte zeigt einen Mann mit identischen Symptomen. Er hat jedoch keine Grippe sondern eine Vergiftung durch eine Tollkirsche erlitten. Die Symptome des zweiten Mannes bezeichnen wir in der&nbsp; Hom\u00f6opathie als Arzneikrankheit. &nbsp; Die Krankheitszeichen des Mannes entstehen durch die Gabe einer &#8222;Arznei&#8220; ( in diesem Fall eines Giftes). Die gleichen Symptome k\u00f6nnte der Mann entwickeln, wenn er \u00fcber einen l\u00e4ngeren Zeitraum im gesunden Zustand die hom\u00f6opathische Arznei Belladonna D 6 t\u00e4glich einnehmen w\u00fcrde. Er w\u00fcrde auf diesem Weg eine sogenannten Arzneimittelpr\u00fcfung erleben.&nbsp;Die Zust\u00e4nde von beiden M\u00e4nnern sind den Symptomen nach \u00e4hnlich. Durch die Gabe der potenzierten Arznei beim grippekranken Mann w\u00fcrde sein Zustand reguliert werden, die Ordnung wiederhergestellt und der Patient geheilt werden. Die passende Arznei w\u00e4re in diesem Fall vermutlich Belladona (Tollkirsche) C30.<\/p>\n\n\n\n<p>Es zeigte sich, dass die Behandlung mit den &#8222;rohen&#8220; Arzneikrankheit-ausl\u00f6senden Substanzen oft nicht ganz befriedigend war, so kam Hahnemann auf den Gedanken, die Ausgangsstoffe zu verd\u00fcnnen und zu potenzieren.<\/p>\n<\/div><\/div>\n\n\n\n<div class=\"wp-block-group\"><div class=\"wp-block-group__inner-container is-layout-flow wp-block-group-is-layout-flow\">\n<h2 class=\"wp-block-heading\">\u00dcber die Globuli<\/h2>\n\n\n\n<p>Es zeigte sich, dass die Behandlung mit den &#8222;rohen&#8220; Arzneikrankheit-ausl\u00f6senden Substanzen oft nicht ganz befriedigend war, so kam Hahnemann auf den Gedanken, die Ausgangsstoffe zu verd\u00fcnnen und zu potenzieren.<\/p>\n\n\n\n<p><strong>Zur Herstellung der Arzneien:<\/strong><\/p>\n\n\n\n<div class=\"wp-block-image\"><figure class=\"aligncenter size-large is-resized\"><img decoding=\"async\" src=\"http:\/\/fh.web109.s217.goserver.host\/wp-content\/uploads\/2017\/11\/Flasche-1024x578.jpg\" alt=\"Flasche\" class=\"wp-image-56\" width=\"200\" srcset=\"https:\/\/franziska-huber.de\/wp-content\/uploads\/2017\/11\/Flasche-1024x578.jpg 1024w, https:\/\/franziska-huber.de\/wp-content\/uploads\/2017\/11\/Flasche-300x169.jpg 300w, https:\/\/franziska-huber.de\/wp-content\/uploads\/2017\/11\/Flasche-768x434.jpg 768w\" sizes=\"(max-width: 1024px) 100vw, 1024px\" \/><\/figure><\/div>\n\n\n\n<p>Prinzipiell kann aus jeder Struktur im Universum eine hom\u00f6opathische Arznei hergestellt werden. Ein Rohmaterial wird zun\u00e4chst je nach seiner Beschaffenheit als Essenz, Tinktur, L\u00f6sung oder Verreibung verd\u00fcnnt. Die Mischung mit dem Tr\u00e4gerstoff (Wasser\/Alkohol\/Milchzucker) erfolgt in jeder Stufe im Verh\u00e4ltnis 1:9 (D-Potenzen) oder 1:99 (C Potenzen).&nbsp;Im Anschluss erfolgt die Potenzierung der Urtinktur durch kr\u00e4ftige Sch\u00fcttelschl\u00e4ge.&nbsp;Die so hergestellte Arznei wird dann auf Streuk\u00fcgelchen gespr\u00fcht oder in anderen Darreichungsformen angeboten.<\/p>\n\n\n\n<p>Hahnemann verf\u00fcgte \u00fcber ein penibles Dokumentations- und Archivierungssystem. Sowohl die Krankenbefragung als auch die Analyse des Behandlungsverlaufs wurden exakt festgehalten.<\/p>\n\n\n\n<p>Um viele Informationen \u00fcber die Wirkung von Arzneien und Giften am Gesunden zu erhalten, wurden und werden immer noch zahlreiche Arzneimittelpr\u00fcfungen am Gesunden durchgef\u00fchrt.<\/p>\n\n\n\n<p><strong>Zur Arzneimittelpr\u00fcfung:<\/strong><\/p>\n\n\n\n<div class=\"wp-block-image is-style-default\"><figure class=\"aligncenter size-large is-resized\"><img decoding=\"async\" src=\"http:\/\/fh.web109.s217.goserver.host\/wp-content\/uploads\/2017\/11\/Periodensystem-994x1024.jpg\" alt=\"Periodensystem\" class=\"wp-image-57\" width=\"200\" srcset=\"https:\/\/franziska-huber.de\/wp-content\/uploads\/2017\/11\/Periodensystem-994x1024.jpg 994w, https:\/\/franziska-huber.de\/wp-content\/uploads\/2017\/11\/Periodensystem-291x300.jpg 291w, https:\/\/franziska-huber.de\/wp-content\/uploads\/2017\/11\/Periodensystem-768x791.jpg 768w\" sizes=\"(max-width: 994px) 100vw, 994px\" \/><\/figure><\/div>\n\n\n\n<p>F\u00fcr die Pr\u00fcfung nehmen die gesunden Pr\u00fcfer in regelm\u00e4\u00dfigen Abst\u00e4nden \u00fcber mehrere Tage bis Wochen das zu pr\u00fcfende Mittel ein. W\u00e4hrend dieser Zeit sollen sie s\u00e4mtliche Ver\u00e4nderungen oder St\u00f6rungen notieren, die sie an K\u00f6rper, Geist, Befinden oder Stimmung wahrnehmen. Sie halten au\u00dferdem w\u00e4hrend dieser Zeit Kontakt zu einem betreuenden Hom\u00f6opathen, der die ihm geschilderten Symptome ebenfalls notiert. Am Ende der Pr\u00fcfung werden die Notizen von den Pr\u00fcfungsleitern sortiert und einem hom\u00f6opathischen Symptomregister zugeordnet. Alle Symptome, die im Laufe einer oder mehrerer Pr\u00fcfungen von einer Substanz gesammelt werden, werden in nach Mittel geordneten Arzneimittellehren (Materiae medicae) und in nach Symptomen geordneten Repertorien zusammengestellt. <\/p>\n\n\n\n<p>\nVerschiedene Repertorien und Arzneimittellehren stehen dem Hom\u00f6opathen als Handwerkszeug zur Verf\u00fcgung. Mit deren Hilfe werden die Krankheitssymptome den &#8222;Pr\u00fcfungssymptomen&#8220; gegen\u00fcbergestellt und eine passende Arznei ausgew\u00e4hlt. Gelingt es nicht sofort das exakt passende Mittel (Similimum) zu finden, so wirkt das fast passende Mittel (Simile) auf z. B einen Teil der Symptome.\n<\/p>\n<\/div><\/div>\n\n\n\n<div class=\"wp-block-group\"><div class=\"wp-block-group__inner-container is-layout-flow wp-block-group-is-layout-flow\">\n<h2 class=\"wp-block-heading\">\u00dcber den Umgang mit Arzneien<\/h2>\n\n\n\n<p>Ich empfehle Ihnen eine gut sortierte <a href=\"http:\/\/fh.web109.s217.goserver.host\/?p=2\">Hausapotheke<\/a> zu besitzen. Wenn Sie selbstst\u00e4ndig auch Mittel geben oder nehmen wollen empfehle ich eine Hausapotheke mit D Potenzen. Ich habe eine Hausapotheke zusammengestellt die Sie vorwiegend in R\u00fccksprache mit mir ben\u00fctzen, sie enth\u00e4lt vorallem C -Potenzen und ist f\u00fcr die Eigenbehandlung nicht geeignet.&nbsp;<\/p>\n\n\n\n<p>Bewahren sie ihre Apotheke an einem kindersicheren Ort auf.<\/p>\n\n\n\n<div class=\"wp-block-image is-style-default\"><figure class=\"aligncenter size-large is-resized\"><img decoding=\"async\" src=\"http:\/\/fh.web109.s217.goserver.host\/wp-content\/uploads\/2013\/06\/hausapotheke-1024x682.jpg\" alt=\"hausapotheke\" class=\"wp-image-30\" width=\"200\" srcset=\"https:\/\/franziska-huber.de\/wp-content\/uploads\/2013\/06\/hausapotheke-1024x682.jpg 1024w, https:\/\/franziska-huber.de\/wp-content\/uploads\/2013\/06\/hausapotheke-300x200.jpg 300w, https:\/\/franziska-huber.de\/wp-content\/uploads\/2013\/06\/hausapotheke-768x511.jpg 768w\" sizes=\"(max-width: 1024px) 100vw, 1024px\" \/><\/figure><\/div>\n\n\n\n<p>Achten sie darauf, nicht unreflektiert \u00fcber einen l\u00e4ngeren Zeitraum, ein hom\u00f6opathisches Medikament einzunehmen. Sie k\u00f6nnten eine Arzneimittelpr\u00fcfung bei sich selbst, oder Ihrem Kind ausl\u00f6sen, oder sich im schlimmsten Fall tats\u00e4chlich Vergiftungsymptome zuziehen!<\/p>\n<\/div><\/div>\n\n\n\n<div class=\"wp-block-group\"><div class=\"wp-block-group__inner-container is-layout-flow wp-block-group-is-layout-flow\">\n<h2 class=\"wp-block-heading\">Chronische Erkrankungen<\/h2>\n\n\n\n<p>Eine Behandlung w\u00fcrde ich Ihnen empfehlen, wenn Sie z.B unter folgenden Symptomen leiden:<\/p>\n\n\n\n<ul class=\"wp-block-list\"><li>wiederkehrende schwere akute Erkrankungen<\/li><li>chronische Erkrankungen&nbsp;<\/li><li>Allergien<\/li><li>chronische Schmerzen<\/li><li>Schlafst\u00f6rungen<\/li><li>Lebensunlust<\/li><li>krankhafte Symptome nach belastenen k\u00f6rperlichen oder psychischen Ereignissen&nbsp;<\/li><li>Kinderwunsch<\/li><li>Psychische Auff\u00e4lligkeiten im Kindes und Jugendalter<\/li><\/ul>\n\n\n\n<p>Auch bei chronischen Beschwerden beginnt unser gemeinsamer Weg in Richtung Gesundung mit einem Erstanamnesegespr\u00e4ch. Dieses dauert je nach Alter und Beschwerde seine Zeit. Sie bekommen einen Fragebogen zugesendet.&nbsp;Bitte bringen Sie Ihre Unterlagen (Vorsorgeheft\/ Vorbefunde und ausgef\u00fcllten Fragebogen) zum Termin mit. s.o.<\/p>\n\n\n\n<p>Wir vereinbaren dann einen Anschlusstermin \u201eFollow up\u201c , an dem wir den Behandlungsverlauf besprechen k\u00f6nnen.<\/p>\n<\/div><\/div>\n\n\n\n<div class=\"wp-block-group\" id=\"akutbehandlung\"><div class=\"wp-block-group__inner-container is-layout-flow wp-block-group-is-layout-flow\">\n<h2 class=\"wp-block-heading\">Akutbehandlung<\/h2>\n\n\n\n<p>Die &#8222;akute&#8220; Behandlung kommt bei relativ pl\u00f6tzlichen Beschwerden zum Einsatz. Diese k\u00f6nnen z.B sein:<\/p>\n\n\n\n<ul class=\"wp-block-list\"><li>eine spontan auftretende Erkrankung<\/li><li>ein akutes Schmerzereignis oder ein Unfall<\/li><li>eine Begleitung rund um eine Operation oder Zahn-Op&nbsp;<\/li><\/ul>\n\n\n\n<p>&nbsp;Lesen Sie hierzu auch <a href=\"http:\/\/fh.web109.s217.goserver.host\/?p=37\">&#8222;mein Kind ist krank , was nun&#8220;?<\/a><\/p>\n\n\n\n<div class=\"wp-block-image is-style-default\"><figure class=\"aligncenter size-large is-resized\"><img decoding=\"async\" src=\"http:\/\/fh.web109.s217.goserver.host\/wp-content\/uploads\/2013\/06\/DSC01425-1024x994.jpg\" alt=\"DSC01425\" class=\"wp-image-27\" width=\"200\" srcset=\"https:\/\/franziska-huber.de\/wp-content\/uploads\/2013\/06\/DSC01425-1024x994.jpg 1024w, https:\/\/franziska-huber.de\/wp-content\/uploads\/2013\/06\/DSC01425-300x291.jpg 300w, https:\/\/franziska-huber.de\/wp-content\/uploads\/2013\/06\/DSC01425-768x745.jpg 768w\" sizes=\"(max-width: 1024px) 100vw, 1024px\" \/><\/figure><\/div>\n<\/div><\/div>\n\n\n\n<p><\/p>\n","protected":false},"excerpt":{"rendered":"<p>Die Lehre der Hom\u00f6opathie geht auf den deutschen Arzt Samuel Hahnemann zur\u00fcck (1755-1843). Erkrankt ein Mensch, so handelt es sich nach Hahnemann immer um eine&#8230;<\/p>\n<div class=\"more-link-wrapper\"><a class=\"more-link\" href=\"https:\/\/franziska-huber.de\/?page_id=59\">Weiterlesen<span class=\"screen-reader-text\">Hom\u00f6opathie<\/span><\/a><\/div>\n","protected":false},"author":1,"featured_media":0,"parent":0,"menu_order":6,"comment_status":"closed","ping_status":"open","template":"","meta":{"footnotes":""},"class_list":["post-59","page","type-page","status-publish","hentry","entry"],"_links":{"self":[{"href":"https:\/\/franziska-huber.de\/index.php?rest_route=\/wp\/v2\/pages\/59"}],"collection":[{"href":"https:\/\/franziska-huber.de\/index.php?rest_route=\/wp\/v2\/pages"}],"about":[{"href":"https:\/\/franziska-huber.de\/index.php?rest_route=\/wp\/v2\/types\/page"}],"author":[{"embeddable":true,"href":"https:\/\/franziska-huber.de\/index.php?rest_route=\/wp\/v2\/users\/1"}],"replies":[{"embeddable":true,"href":"https:\/\/franziska-huber.de\/index.php?rest_route=%2Fwp%2Fv2%2Fcomments&post=59"}],"version-history":[{"count":4,"href":"https:\/\/franziska-huber.de\/index.php?rest_route=\/wp\/v2\/pages\/59\/revisions"}],"predecessor-version":[{"id":194,"href":"https:\/\/franziska-huber.de\/index.php?rest_route=\/wp\/v2\/pages\/59\/revisions\/194"}],"wp:attachment":[{"href":"https:\/\/franziska-huber.de\/index.php?rest_route=%2Fwp%2Fv2%2Fmedia&parent=59"}],"curies":[{"name":"wp","href":"https:\/\/api.w.org\/{rel}","templated":true}]}}