{"id":6,"date":"2012-04-09T19:05:33","date_gmt":"2012-04-09T19:05:33","guid":{"rendered":"http:\/\/fh.web109.s217.goserver.host\/?p=6"},"modified":"2024-01-04T11:31:03","modified_gmt":"2024-01-04T11:31:03","slug":"kosten","status":"publish","type":"page","link":"https:\/\/franziska-huber.de\/?page_id=6","title":{"rendered":"Kosten + Kontakt"},"content":{"rendered":"\n<h2 class=\"wp-block-heading\">Behandlungsinvestition<\/h2>\n\n\n\n<div class=\"wp-block-image is-style-default\"><figure class=\"aligncenter\"><img loading=\"lazy\" decoding=\"async\" width=\"316\" height=\"156\" src=\"http:\/\/fh.web109.s217.goserver.host\/wp-content\/uploads\/2012\/04\/Kosten2.png\" alt=\"Kosten2\" class=\"wp-image-5\" srcset=\"https:\/\/franziska-huber.de\/wp-content\/uploads\/2012\/04\/Kosten2.png 316w, https:\/\/franziska-huber.de\/wp-content\/uploads\/2012\/04\/Kosten2-300x148.png 300w\" sizes=\"(max-width: 316px) 100vw, 316px\" \/><\/figure><\/div>\n\n\n\n<p><span style=\"color: #8e8f90; font-family: 'Times New Roman'; font-size: 14px; text-indent: 11.3px;\">&nbsp;<\/span>F\u00fcr alle Leistungen erhalten Sie eine privat\u00e4rztliche Rechnung. Diese orientiert sich an der derzeit g\u00fcltigen Geb\u00fchrenordnung f\u00fcr \u00c4rzte (GO\u00c4). Da ich eine Privatpraxis in Gauting betreibe, bestehen keine Vertr\u00e4ge zwischen mir und den gesetzlichen Krankenkassen.<\/p>\n\n\n\n<p>Je nach Leistungsart werden die Leistungen von den privaten Krankenversicherungen oder privaten Zusatzversicherungen \u00fcbernommen.<\/p>\n\n\n\n<p>Bitte sprechen Sie mich an, wenn Sie bei Bedarf eine Ratenzahlung vereinbaren m\u00f6chten.<\/p>\n\n\n\n<h2 class=\"wp-block-heading\">Kontakt<\/h2>\n\n\n\n<p>Ich freue mich auf Ihre Kontaktaufnahme.<\/p>\n\n\n\n<p>Meine Sprechzeiten sind:<\/p>\n\n\n\n<ul class=\"wp-block-list\"><li>&#8211; Montag, Mittwoch und Freitag von 9 bis 12 Uhr<\/li><li>&#8211; Dienstag und Donnerstag von 9 bis <strong>19 Uhr<\/strong>  (neu)<\/li><\/ul>\n\n\n\n<p>Bei Fragen zum Behandlungsablauf oder zur Terminvergabe k\u00f6nnen Sie gerne&#8230;<\/p>\n\n\n\n<p>&#8230;auf meinen Anrufbeantworter sprechen: 0179 77 67 364<\/p>\n\n\n\n<p>&#8230;oder mir eine E-mail schicken: <a href=\"mailto:praxishuber@posteo.de\">praxishuber@posteo.de<\/a><\/p>\n\n\n\n<p>Gerne nennen Sie einen g\u00fcnstigen Zeitraum in dem Sie erreichbar sind. Ich rufe , oder schreibe dann umgehend zur\u00fcck.<\/p>\n","protected":false},"excerpt":{"rendered":"<p>Behandlungsinvestition &nbsp;F\u00fcr alle Leistungen erhalten Sie eine privat\u00e4rztliche Rechnung. Diese orientiert sich an der derzeit g\u00fcltigen Geb\u00fchrenordnung f\u00fcr \u00c4rzte (GO\u00c4). Da ich eine Privatpraxis in&#8230;<\/p>\n<div class=\"more-link-wrapper\"><a class=\"more-link\" href=\"https:\/\/franziska-huber.de\/?page_id=6\">Weiterlesen<span class=\"screen-reader-text\">Kosten + Kontakt<\/span><\/a><\/div>\n","protected":false},"author":1,"featured_media":0,"parent":0,"menu_order":1,"comment_status":"closed","ping_status":"open","template":"","meta":{"footnotes":""},"class_list":["post-6","page","type-page","status-publish","hentry","entry"],"_links":{"self":[{"href":"https:\/\/franziska-huber.de\/index.php?rest_route=\/wp\/v2\/pages\/6"}],"collection":[{"href":"https:\/\/franziska-huber.de\/index.php?rest_route=\/wp\/v2\/pages"}],"about":[{"href":"https:\/\/franziska-huber.de\/index.php?rest_route=\/wp\/v2\/types\/page"}],"author":[{"embeddable":true,"href":"https:\/\/franziska-huber.de\/index.php?rest_route=\/wp\/v2\/users\/1"}],"replies":[{"embeddable":true,"href":"https:\/\/franziska-huber.de\/index.php?rest_route=%2Fwp%2Fv2%2Fcomments&post=6"}],"version-history":[{"count":7,"href":"https:\/\/franziska-huber.de\/index.php?rest_route=\/wp\/v2\/pages\/6\/revisions"}],"predecessor-version":[{"id":499,"href":"https:\/\/franziska-huber.de\/index.php?rest_route=\/wp\/v2\/pages\/6\/revisions\/499"}],"wp:attachment":[{"href":"https:\/\/franziska-huber.de\/index.php?rest_route=%2Fwp%2Fv2%2Fmedia&parent=6"}],"curies":[{"name":"wp","href":"https:\/\/api.w.org\/{rel}","templated":true}]}}